{"id":9819,"date":"2025-11-02T01:41:20","date_gmt":"2025-11-02T04:41:20","guid":{"rendered":"https:\/\/lstreinamentos.luizsantanadb.com\/plataforma\/loja\/microsoft-fabric-para-engenheiros-de-dados-turma-03\/"},"modified":"2026-04-10T04:52:39","modified_gmt":"2026-04-10T07:52:39","slug":"microsoft-fabric-para-engenheiros-de-dados-turma-03","status":"publish","type":"product","link":"https:\/\/lstreinamentos.luizsantanadb.com\/plataforma\/loja\/microsoft-fabric-para-engenheiros-de-dados-turma-03\/","title":{"rendered":"Microsoft Fabric para Engenheiros de Dados &#8211; Turma 03 (Gravado)"},"content":{"rendered":"<p>Neste curso de imers\u00e3o, abordaremos desde a ingest\u00e3o e tratamento de dados utilizando o Microsoft Fabric, tratamento de dados avan\u00e7ado, armazenamento eficiente de dados, at\u00e9 a visualiza\u00e7\u00e3o com Power BI, com foco na Engenharia de Dados. Voc\u00ea aprender\u00e1 a utilizar o Microsoft Fabric para criar pipelines de dados robustos, integrar e processar grandes volumes de dados, armazen\u00e1-los de forma segura e eficiente, e finalmente, criar visualiza\u00e7\u00f5es impactantes para a tomada de decis\u00f5es informadas.<\/p>\n<p style=\"font-weight: 400;\"><strong>O que n\u00e3o realizaremos no treinamento:<\/strong><\/p>\n<ul style=\"font-weight: 400;\">\n<li>N\u00e3o resolveremos problemas de trabalho de nenhum participante.<\/li>\n<li>N\u00e3o mostraremos assuntos fora do conte\u00fado program\u00e1tico proposto no treinamento.<\/li>\n<li>N\u00e3o realizaremos o provisionamento com os participantes.<\/li>\n<li><strong>Emitimos NOTA FISCAL para treinamentos comprados pela plataforma.<\/strong><\/li>\n<\/ul>\n<p style=\"font-weight: 400;\"><strong>O que terei de benef\u00edcios:<\/strong><\/p>\n<ul style=\"font-weight: 400;\">\n<li>Treinamento baseado em viv\u00eancias de projetos reais.<\/li>\n<li>Networking<\/li>\n<li>Instrutores com bastante experi\u00eancia no mercado e em projetos de Big Data com grandes clientes. Todos s\u00e3o certificados Microsoft e com\u00a0experi\u00eancia em projetos com clientes nacionais e internacionais.<\/li>\n<li><strong><u>Portal com todos os conte\u00fados do treinamento \u2014 VITALICIO, ou seja, PARA SEMPRE.<\/u><\/strong><\/li>\n<li><strong><u>V\u00eddeos das aulas gravadas &#8211; Ao final de cada dia, disponibilizamos a aula gravada na plataforma<\/u><\/strong><\/li>\n<li>Slides<\/li>\n<li>PDFs<\/li>\n<li>Scripts<\/li>\n<li>Links de apoio<\/li>\n<li>Arquivos utilizados nos laborat\u00f3rios<\/li>\n<li>Certificado de participa\u00e7\u00e3o do treinamento.\u00a0O certificado \u00e9 validado digitalmente para evitar fraudes e poss\u00edveis copias.<\/li>\n<li>Canal de comunica\u00e7\u00e3o com os instrutores e demais alunos.<\/li>\n<li>Dicas de certifica\u00e7\u00e3o<\/li>\n<\/ul>\n<h1><b>Conte\u00fados\u00a0<\/b><\/h1>\n<ul>\n<li><strong>Microsoft Fabric &#8211; Architecture <\/strong><\/li>\n<li><strong>Data Engineering<\/strong>\n<ul>\n<li>Cria\u00e7\u00e3o de notebooks din\u00e2micos com PySpark e SparkSQL<\/li>\n<li>Tratamento de dados seguindo a arquitetura medalh\u00e3o (bronze, silver e gold)<\/li>\n<\/ul>\n<\/li>\n<li><strong>Data Warehouse<\/strong><\/li>\n<li><strong>Data Factory<\/strong>\n<ul>\n<li>Cria\u00e7\u00e3o de pipelines<\/li>\n<li>Cria\u00e7\u00e3o de conex\u00f5es<\/li>\n<li>Cria\u00e7\u00e3o de arquivo de metadados<\/li>\n<li>Orquestra\u00e7\u00e3o de dados<\/li>\n<\/ul>\n<\/li>\n<li><strong>Copy Job<\/strong><\/li>\n<li><strong>Mirrored SQL Server<\/strong><\/li>\n<li><strong>Environment<\/strong><\/li>\n<li><strong>Variable Library<\/strong><\/li>\n<li><strong>Shortcuts<\/strong><\/li>\n<li><strong>Direct Lake<\/strong><\/li>\n<li><strong>Semantic Model<\/strong><\/li>\n<li><strong>Databricks Mirrored<\/strong><\/li>\n<li><strong>Fabric SQL Database<\/strong><\/li>\n<li><strong>Versionamento com Azure DevOps<\/strong><\/li>\n<li><strong>Deploy de ambientes com Pipelines<\/strong><\/li>\n<li><strong>Apresenta\u00e7\u00e3o de Arquitetura H\u00edbrida<\/strong>\n<ul>\n<li><strong>MS Fabric + Azure Databricks<\/strong><\/li>\n<\/ul>\n<\/li>\n<li><strong>Dicas para certifica\u00e7\u00e3o de DP-600 e DP-700<\/strong><\/li>\n<li><strong>Simula\u00e7\u00e3o de cases reais de projeto<\/strong><\/li>\n<\/ul>\n<p>&nbsp;<\/p>\n<div id=\"gtx-trans\" style=\"position: absolute; left: 28px; top: 972.075px;\">\n<div class=\"gtx-trans-icon\"><\/div>\n<\/div>\n","protected":false},"excerpt":{"rendered":"<ul>\n<li><span class=\"OYPEnA text-decoration-none text-strikethrough-none\">Carga Hor\u00e1ria: 20\u00a0horas<\/span><\/li>\n<li><span class=\"OYPEnA text-decoration-none text-strikethrough-none\">Modalidade: GRAVADO (Conte\u00fado da TURMA 03 &#8211; Jan\/2026)<\/span><\/li>\n<li>Certificado: SIM<\/li>\n<li>Nota Fiscal: SIM<\/li>\n<li><span class=\"OYPEnA text-decoration-none text-strikethrough-none\">Observa\u00e7\u00f5es<\/span>: Algumas telas e features podem sofrer altera\u00e7\u00e3o conforme atualiza\u00e7\u00e3o da ferramenta. <strong><span class=\"OYPEnA text-decoration-none text-strikethrough-none\">ATUALIZA\u00c7\u00d5ES DA TECNOLOGIA N\u00c3O S\u00c3O CONTEMPLADAS NO CONTE\u00daDO GRAVADO.<\/span><\/strong><\/li>\n<\/ul>\n","protected":false},"featured_media":8355,"comment_status":"open","ping_status":"closed","template":"","meta":[],"product_brand":[],"product_cat":[151],"product_tag":[],"class_list":{"0":"post-9819","1":"product","2":"type-product","3":"status-publish","4":"has-post-thumbnail","6":"product_cat-ms-fabric","8":"first","9":"instock","10":"sale","11":"featured","12":"virtual","13":"sold-individually","14":"purchasable","15":"product-type-simple"},"_links":{"self":[{"href":"https:\/\/lstreinamentos.luizsantanadb.com\/plataforma\/wp-json\/wp\/v2\/product\/9819","targetHints":{"allow":["GET"]}}],"collection":[{"href":"https:\/\/lstreinamentos.luizsantanadb.com\/plataforma\/wp-json\/wp\/v2\/product"}],"about":[{"href":"https:\/\/lstreinamentos.luizsantanadb.com\/plataforma\/wp-json\/wp\/v2\/types\/product"}],"replies":[{"embeddable":true,"href":"https:\/\/lstreinamentos.luizsantanadb.com\/plataforma\/wp-json\/wp\/v2\/comments?post=9819"}],"version-history":[{"count":6,"href":"https:\/\/lstreinamentos.luizsantanadb.com\/plataforma\/wp-json\/wp\/v2\/product\/9819\/revisions"}],"predecessor-version":[{"id":10586,"href":"https:\/\/lstreinamentos.luizsantanadb.com\/plataforma\/wp-json\/wp\/v2\/product\/9819\/revisions\/10586"}],"wp:featuredmedia":[{"embeddable":true,"href":"https:\/\/lstreinamentos.luizsantanadb.com\/plataforma\/wp-json\/wp\/v2\/media\/8355"}],"wp:attachment":[{"href":"https:\/\/lstreinamentos.luizsantanadb.com\/plataforma\/wp-json\/wp\/v2\/media?parent=9819"}],"wp:term":[{"taxonomy":"product_brand","embeddable":true,"href":"https:\/\/lstreinamentos.luizsantanadb.com\/plataforma\/wp-json\/wp\/v2\/product_brand?post=9819"},{"taxonomy":"product_cat","embeddable":true,"href":"https:\/\/lstreinamentos.luizsantanadb.com\/plataforma\/wp-json\/wp\/v2\/product_cat?post=9819"},{"taxonomy":"product_tag","embeddable":true,"href":"https:\/\/lstreinamentos.luizsantanadb.com\/plataforma\/wp-json\/wp\/v2\/product_tag?post=9819"}],"curies":[{"name":"wp","href":"https:\/\/api.w.org\/{rel}","templated":true}]}}