{"id":7383,"date":"2024-03-25T14:15:10","date_gmt":"2024-03-25T17:15:10","guid":{"rendered":"https:\/\/lstreinamentos.luizsantanadb.com\/loja\/big-data-com-snowflake-turma-02\/"},"modified":"2026-04-10T04:21:26","modified_gmt":"2026-04-10T07:21:26","slug":"big-data-com-snowflake-turma-02","status":"publish","type":"product","link":"https:\/\/lstreinamentos.luizsantanadb.com\/plataforma\/loja\/big-data-com-snowflake-turma-02\/","title":{"rendered":"Big Data com Snowflake\u00a0&#8211; Turma 02 (Gravado)"},"content":{"rendered":"<p>Torne-se um Profissional Completo em Snowflake! Este curso oferece uma jornada de aprendizado intensivo, abordando desde os princ\u00edpios essenciais at\u00e9 estrat\u00e9gias avan\u00e7adas de gest\u00e3o de dados na plataforma Snowflake, preparando voc\u00ea para os desafios reais do mundo dos dados. Al\u00e9m disso, iremos integrar com outras ferramentas como Azure Data Factory, Azure Data Lake e PBI.<\/p>\n<p style=\"font-weight: 400;\"><strong>O que n\u00e3o realizaremos no treinamento:<\/strong><\/p>\n<ul style=\"font-weight: 400;\">\n<li>N\u00e3o resolveremos problemas de trabalho de nenhum participante.<\/li>\n<li>N\u00e3o mostraremos assuntos fora do conte\u00fado program\u00e1tico proposto no treinamento.<\/li>\n<li>N\u00e3o realizaremos o provisionamento com os participantes.<\/li>\n<li><strong>N\u00e3o Emitimos NOTA FISCAL para treinamentos comprados pela plataforma.<\/strong><\/li>\n<\/ul>\n<p style=\"font-weight: 400;\"><strong>O que terei de benef\u00edcios:<\/strong><\/p>\n<ul style=\"font-weight: 400;\">\n<li>Treinamento baseado em viv\u00eancias de projetos reais.<\/li>\n<li>Networking<\/li>\n<li>Instrutores com bastante experi\u00eancia no mercado e em projetos de Big Data com grandes clientes. Todos s\u00e3o certificados Microsoft e com\u00a0experi\u00eancia em projetos com clientes nacionais e internacionais.<\/li>\n<li><strong><u>Portal com todos os conte\u00fados do treinamento \u2014 VITALICIO, ou seja, PARA SEMPRE.<\/u><\/strong><\/li>\n<li><strong><u>V\u00eddeos das aulas gravadas &#8211; Ao final de cada dia, disponibilizamos a aula gravada na plataforma<\/u><\/strong><\/li>\n<li>Slides<\/li>\n<li>PDFs<\/li>\n<li>Scripts<\/li>\n<li>Links de apoio<\/li>\n<li>Arquivos utilizados nos laborat\u00f3rios<\/li>\n<li>Certificado de participa\u00e7\u00e3o do treinamento.\u00a0O certificado \u00e9 validado digitalmente para evitar fraudes e poss\u00edveis copias.<\/li>\n<li>Canal de comunica\u00e7\u00e3o com os instrutores e demais alunos.<\/li>\n<li>Dicas de certifica\u00e7\u00e3o<\/li>\n<\/ul>\n<p>&nbsp;<\/p>\n<h1><b>Conte\u00fados Program\u00e1tico<\/b><\/h1>\n<ul>\n<li>ARQUITETURA SNOWFLAKE<\/li>\n<li>CRIA\u00c7\u00c3O DE AMBIENTE:\n<ul>\n<li>CONTA SNOWFLAKE<\/li>\n<li>USU\u00c1RIOS<\/li>\n<li>WAREHOUSE<\/li>\n<li>DATABASE<\/li>\n<li>SCHEMA<\/li>\n<li>TABLES<\/li>\n<li>STAGES<\/li>\n<li>FILE FORMAT<\/li>\n<li>ROLES<\/li>\n<li>POLICY MASKING<\/li>\n<li>RLS (ROW LEVEL SECURITY)<\/li>\n<\/ul>\n<\/li>\n<li>INSERINDO DADOS NO SNOWFLAKE (CLOUD STORAGE -&gt; SNOWFLAKE) &#8211; SNOWPIPE + COPY<\/li>\n<li>SNOWPARK &#8211; ENGENHARIA DE DADOS<\/li>\n<li>VISUALIZA\u00c7\u00c3O DE DADOS COM PBI\/TABLEAU<\/li>\n<li>PYTHON COM SNOWFLAKE &#8211; STREAMLIT<\/li>\n<li>FEATURE DE AI E GOVERNAN\u00c7A DE DADOS<\/li>\n<\/ul>\n<div id=\"gtx-trans\" style=\"position: absolute; left: 26px; top: 1156.08px;\">\n<div class=\"gtx-trans-icon\"><\/div>\n<\/div>\n","protected":false},"excerpt":{"rendered":"<ul>\n<li><span class=\"OYPEnA text-decoration-none text-strikethrough-none\">Carga Hor\u00e1ria: 12 horas<\/span><\/li>\n<li><span class=\"OYPEnA text-decoration-none text-strikethrough-none\">Modalidade: GRAVADO (Conte\u00fado da TURMA 02 &#8211; Out\/2025)<\/span><\/li>\n<li>Certificado: SIM<\/li>\n<li>Nota Fiscal: SIM<\/li>\n<li><span class=\"OYPEnA text-decoration-none text-strikethrough-none\">Observa\u00e7\u00f5es<\/span>: Algumas telas e features podem sofrer altera\u00e7\u00e3o conforme atualiza\u00e7\u00e3o da ferramenta. <strong><span class=\"OYPEnA text-decoration-none text-strikethrough-none\">ATUALIZA\u00c7\u00d5ES DA TECNOLOGIA N\u00c3O S\u00c3O CONTEMPLADAS NO CONTE\u00daDO GRAVADO.<\/span><\/strong><\/li>\n<\/ul>\n","protected":false},"featured_media":9536,"comment_status":"open","ping_status":"closed","template":"","meta":[],"product_brand":[],"product_cat":[139],"product_tag":[],"class_list":{"0":"post-7383","1":"product","2":"type-product","3":"status-publish","4":"has-post-thumbnail","6":"product_cat-snowflake","8":"first","9":"instock","10":"sale","11":"virtual","12":"sold-individually","13":"purchasable","14":"product-type-simple"},"_links":{"self":[{"href":"https:\/\/lstreinamentos.luizsantanadb.com\/plataforma\/wp-json\/wp\/v2\/product\/7383","targetHints":{"allow":["GET"]}}],"collection":[{"href":"https:\/\/lstreinamentos.luizsantanadb.com\/plataforma\/wp-json\/wp\/v2\/product"}],"about":[{"href":"https:\/\/lstreinamentos.luizsantanadb.com\/plataforma\/wp-json\/wp\/v2\/types\/product"}],"replies":[{"embeddable":true,"href":"https:\/\/lstreinamentos.luizsantanadb.com\/plataforma\/wp-json\/wp\/v2\/comments?post=7383"}],"version-history":[{"count":3,"href":"https:\/\/lstreinamentos.luizsantanadb.com\/plataforma\/wp-json\/wp\/v2\/product\/7383\/revisions"}],"predecessor-version":[{"id":10580,"href":"https:\/\/lstreinamentos.luizsantanadb.com\/plataforma\/wp-json\/wp\/v2\/product\/7383\/revisions\/10580"}],"wp:featuredmedia":[{"embeddable":true,"href":"https:\/\/lstreinamentos.luizsantanadb.com\/plataforma\/wp-json\/wp\/v2\/media\/9536"}],"wp:attachment":[{"href":"https:\/\/lstreinamentos.luizsantanadb.com\/plataforma\/wp-json\/wp\/v2\/media?parent=7383"}],"wp:term":[{"taxonomy":"product_brand","embeddable":true,"href":"https:\/\/lstreinamentos.luizsantanadb.com\/plataforma\/wp-json\/wp\/v2\/product_brand?post=7383"},{"taxonomy":"product_cat","embeddable":true,"href":"https:\/\/lstreinamentos.luizsantanadb.com\/plataforma\/wp-json\/wp\/v2\/product_cat?post=7383"},{"taxonomy":"product_tag","embeddable":true,"href":"https:\/\/lstreinamentos.luizsantanadb.com\/plataforma\/wp-json\/wp\/v2\/product_tag?post=7383"}],"curies":[{"name":"wp","href":"https:\/\/api.w.org\/{rel}","templated":true}]}}