{"id":4317,"date":"2023-06-19T12:29:20","date_gmt":"2023-06-19T15:29:20","guid":{"rendered":"https:\/\/lstreinamentos.luizsantanadb.com\/?post_type=product&#038;p=4317"},"modified":"2026-04-10T04:20:02","modified_gmt":"2026-04-10T07:20:02","slug":"pratico-de-arquitetura-de-dados-em-ambientes-azure","status":"publish","type":"product","link":"https:\/\/lstreinamentos.luizsantanadb.com\/plataforma\/loja\/pratico-de-arquitetura-de-dados-em-ambientes-azure\/","title":{"rendered":"Arquitetura de Dados Para Ambientes Azure &#8211; Turma 01 (Gravado)"},"content":{"rendered":"<p>Este curso oferece uma abordagem pr\u00e1tica e direta para capacitar profissionais na concep\u00e7\u00e3o e implementa\u00e7\u00e3o de arquiteturas de dados eficientes em projetos Azure. Com enfoque nos fundamentos da arquitetura de dados, modelagem de dados e utiliza\u00e7\u00e3o dos servi\u00e7os de armazenamento e processamento no Azure, o curso aborda estrat\u00e9gias para criar ambientes escal\u00e1veis, seguros e de alto desempenho.<\/p>\n<p>Por meio de casos de uso, exerc\u00edcios pr\u00e1ticos e boas pr\u00e1ticas, os participantes ir\u00e3o adquirir as habilidades necess\u00e1rias para projetar e implementar arquiteturas de dados efetivas em ambientes Azure, preparando-os para lidar com os desafios do mundo real nesse contexto.<\/p>\n<p><strong>O que n\u00e3o vamos fazer no treinamento:<\/strong><\/p>\n<ul style=\"font-weight: 400;\">\n<li>N\u00e3o vamos resolver problemas de trabalho de nenhum participante.<\/li>\n<li>N\u00e3o vamos mostrar assuntos fora do conte\u00fado program\u00e1tico proposto no treinamento.<\/li>\n<li>N\u00e3o vamos realizar o provisionamento com os participantes.<\/li>\n<\/ul>\n<p style=\"font-weight: 400;\"><strong>O que eu vou ter de benef\u00edcios:<\/strong><\/p>\n<ul style=\"font-weight: 400;\">\n<li>Treinamento baseado em viv\u00eancias de projetos reais.<\/li>\n<li>Networking<\/li>\n<li>Instrutores com bastante experi\u00eancia no mercado e em projetos de Big Data com grandes clientes. Todos s\u00e3o certificados Microsoft e com\u00a0experi\u00eancia em projetos com clientes nacionais e internacionais.<\/li>\n<li><strong><u>Portal com todos os conte\u00fados do treinamento \u2014 VITALICIO, ou seja, PARA SEMPRE.<\/u><\/strong><\/li>\n<li><strong><u>V\u00eddeos das aulas gravadas &#8211; Ao final de cada dia, disponibilizamos na plataforma.<\/u><\/strong><\/li>\n<li>Slides<\/li>\n<li>PDF\u2019s<\/li>\n<li>Scripts<\/li>\n<li>Links de apoio<\/li>\n<li>Arquivos utilizados nos laborat\u00f3rios<\/li>\n<li>Certificado de participa\u00e7\u00e3o do treinamento.\u00a0O certificado \u00e9 validado digitalmente para evitar fraudes e poss\u00edveis copias.<\/li>\n<li>Canal de comunica\u00e7\u00e3o com os instrutores e demais alunos.<\/li>\n<li>Dicas de certifica\u00e7\u00e3o<\/li>\n<\/ul>\n<h1><b>Conte\u00fados\u00a0<\/b><\/h1>\n<ul>\n<li>DIA 01\n<ul>\n<li>Conceitos fundamentais de arquitetura;<\/li>\n<li>Defini\u00e7\u00e3o de arquitetura batch ou streaming;\n<ul>\n<li>Servi\u00e7os de azure\/aws batch ou streaming;<\/li>\n<li>Conceitos de Arquitetura Lambda e Kappa;<\/li>\n<li>Governan\u00e7a de dados<\/li>\n<li>Seguran\u00e7a<\/li>\n<\/ul>\n<\/li>\n<\/ul>\n<\/li>\n<li>DIA 02\n<ul>\n<li>Fluxo da Estrutura de Dados\n<ul>\n<li>BI Tradicional\n<ul>\n<li>Star schema;<\/li>\n<li>Snowflake;<\/li>\n<li>SCD;<\/li>\n<li>Surrogate Key;<\/li>\n<li>CDC;<\/li>\n<\/ul>\n<\/li>\n<\/ul>\n<\/li>\n<li>Como funciona o fluxo dos dados na arquitetura proposta;<\/li>\n<li>Implementa\u00e7\u00e3o de arquiteturas escal\u00e1veis e seguras em projetos Azure;\n<ul>\n<li>AD (Grupos, acessos)<\/li>\n<li>App Registration<\/li>\n<li>Managed Identity<\/li>\n<li>RBAC e suas respectives Roles<\/li>\n<li>Permiss\u00f5es por usu\u00e1rio\n<ul>\n<li>Usu\u00e1rio de servi\u00e7o<\/li>\n<li>Usu\u00e1rios de desenvolvimento<\/li>\n<\/ul>\n<\/li>\n<\/ul>\n<\/li>\n<\/ul>\n<\/li>\n<li>DIA 03\n<ul>\n<li>Papeis e responsabilidades\n<ul>\n<li>Arquiteto de Dados<\/li>\n<li>Engenheiro de Dados (JR, PL e SR)<\/li>\n<li>Analista de Dados (DataViz)<\/li>\n<li>Analista de Requisitos Funcionais<\/li>\n<li>Analista de DevOps<\/li>\n<li>Analista de infraestrutura cloud (Terraform, IAC)<\/li>\n<li>Gerente de Projetos<\/li>\n<li>Governan\u00e7a de Dados<\/li>\n<\/ul>\n<\/li>\n<li>Cronograma de projetos\n<ul>\n<li>Rituais do Scrum<\/li>\n<li>Simula\u00e7\u00e3o de um projeto com 720h<\/li>\n<li>Planilha de cronograma de projetos gen\u00e9rica.<\/li>\n<\/ul>\n<\/li>\n<li>Custo de Cloud<\/li>\n<\/ul>\n<\/li>\n<\/ul>\n<p>&nbsp;<\/p>\n<div id=\"gtx-trans\" style=\"position: absolute; left: 36px; top: 712px;\">\n<div class=\"gtx-trans-icon\"><\/div>\n<\/div>\n","protected":false},"excerpt":{"rendered":"<ul>\n<li><span class=\"OYPEnA text-decoration-none text-strikethrough-none\">Carga Hor\u00e1ria: 08 horas<\/span><\/li>\n<li><span class=\"OYPEnA text-decoration-none text-strikethrough-none\">Modalidade: GRAVADO (Conte\u00fado da TURMA 01)<\/span><\/li>\n<li>Certificado: SIM<\/li>\n<li>Nota Fiscal: SIM<\/li>\n<li><span class=\"OYPEnA text-decoration-none text-strikethrough-none\">Observa\u00e7\u00f5es<\/span>: Algumas telas e features podem sofrer altera\u00e7\u00e3o conforme atualiza\u00e7\u00e3o da ferramenta. <strong><span class=\"OYPEnA text-decoration-none text-strikethrough-none\">ATUALIZA\u00c7\u00d5ES DA TECNOLOGIA N\u00c3O S\u00c3O CONTEMPLADAS NO CONTE\u00daDO GRAVADO.<\/span><\/strong><\/li>\n<\/ul>\n<div id=\"gtx-trans\" style=\"position: absolute; left: 9px; top: -10px;\">\n<div class=\"gtx-trans-icon\"><\/div>\n<\/div>\n","protected":false},"featured_media":8566,"comment_status":"open","ping_status":"closed","template":"","meta":[],"product_brand":[],"product_cat":[127],"product_tag":[],"class_list":{"0":"post-4317","1":"product","2":"type-product","3":"status-publish","4":"has-post-thumbnail","6":"product_cat-arquitetura","8":"first","9":"instock","10":"sale","11":"virtual","12":"sold-individually","13":"purchasable","14":"product-type-simple"},"_links":{"self":[{"href":"https:\/\/lstreinamentos.luizsantanadb.com\/plataforma\/wp-json\/wp\/v2\/product\/4317","targetHints":{"allow":["GET"]}}],"collection":[{"href":"https:\/\/lstreinamentos.luizsantanadb.com\/plataforma\/wp-json\/wp\/v2\/product"}],"about":[{"href":"https:\/\/lstreinamentos.luizsantanadb.com\/plataforma\/wp-json\/wp\/v2\/types\/product"}],"replies":[{"embeddable":true,"href":"https:\/\/lstreinamentos.luizsantanadb.com\/plataforma\/wp-json\/wp\/v2\/comments?post=4317"}],"version-history":[{"count":5,"href":"https:\/\/lstreinamentos.luizsantanadb.com\/plataforma\/wp-json\/wp\/v2\/product\/4317\/revisions"}],"predecessor-version":[{"id":10584,"href":"https:\/\/lstreinamentos.luizsantanadb.com\/plataforma\/wp-json\/wp\/v2\/product\/4317\/revisions\/10584"}],"wp:featuredmedia":[{"embeddable":true,"href":"https:\/\/lstreinamentos.luizsantanadb.com\/plataforma\/wp-json\/wp\/v2\/media\/8566"}],"wp:attachment":[{"href":"https:\/\/lstreinamentos.luizsantanadb.com\/plataforma\/wp-json\/wp\/v2\/media?parent=4317"}],"wp:term":[{"taxonomy":"product_brand","embeddable":true,"href":"https:\/\/lstreinamentos.luizsantanadb.com\/plataforma\/wp-json\/wp\/v2\/product_brand?post=4317"},{"taxonomy":"product_cat","embeddable":true,"href":"https:\/\/lstreinamentos.luizsantanadb.com\/plataforma\/wp-json\/wp\/v2\/product_cat?post=4317"},{"taxonomy":"product_tag","embeddable":true,"href":"https:\/\/lstreinamentos.luizsantanadb.com\/plataforma\/wp-json\/wp\/v2\/product_tag?post=4317"}],"curies":[{"name":"wp","href":"https:\/\/api.w.org\/{rel}","templated":true}]}}