{"id":4116,"date":"2023-06-05T17:10:11","date_gmt":"2023-06-05T20:10:11","guid":{"rendered":"https:\/\/lstreinamentos.luizsantanadb.com\/?post_type=product&#038;p=4116"},"modified":"2026-04-10T04:23:45","modified_gmt":"2026-04-10T07:23:45","slug":"curso-precificacao-azure","status":"publish","type":"product","link":"https:\/\/lstreinamentos.luizsantanadb.com\/plataforma\/loja\/curso-precificacao-azure\/","title":{"rendered":"Precifica\u00e7\u00e3o Estrat\u00e9gica para Ambientes de Azure Big Data &#8211; Turma 01 (Gravado)"},"content":{"rendered":"<p>Neste curso voc\u00ea estar\u00e1 equipado com as habilidades e conhecimentos necess\u00e1rios para otimizar a precifica\u00e7\u00e3o dos seus produtos e servi\u00e7os, impulsionando a rentabilidade e o sucesso do seu neg\u00f3cio.<\/p>\n<p>Este curso \u00e9 ministrado por especialistas altamente qualificados, que possuem ampla experi\u00eancia em projetos reais de precifica\u00e7\u00e3o estrat\u00e9gica em ambientes Azure Big Data. Por meio de aulas pr\u00e1ticas, estudos de caso e exerc\u00edcios hands-on, voc\u00ea ter\u00e1 a oportunidade de aplicar seus conhecimentos rec\u00e9m-adquiridos e aprofundar sua compreens\u00e3o dos conceitos fundamentais.<\/p>\n<p>Invista no seu futuro e inscreva-se agora no Curso Pr\u00e1tico de Precifica\u00e7\u00e3o Estrat\u00e9gica em Ambientes Azure Big Data. Desbloqueie o potencial do Azure Big Data e leve sua precifica\u00e7\u00e3o estrat\u00e9gica para o pr\u00f3ximo n\u00edvel!<\/p>\n<p><strong>O que n\u00e3o vamos fazer no treinamento:<\/strong><\/p>\n<ul style=\"font-weight: 400;\">\n<li>N\u00e3o vamos resolver problemas de trabalho de nenhum participante.<\/li>\n<li>N\u00e3o vamos mostrar assuntos fora do conte\u00fado program\u00e1tico proposto no treinamento.<\/li>\n<li>N\u00e3o vamos realizar o provisionamento com os participantes.<\/li>\n<\/ul>\n<p style=\"font-weight: 400;\"><strong>O que eu vou ter de benef\u00edcios:<\/strong><\/p>\n<ul style=\"font-weight: 400;\">\n<li>Treinamento baseado em viv\u00eancias de projetos reais.<\/li>\n<li>Networking<\/li>\n<li>Instrutores com bastante experi\u00eancia no mercado e em projetos de Big Data com grandes clientes. Todos s\u00e3o certificados Microsoft e com\u00a0experi\u00eancia em projetos com clientes nacionais e internacionais.<\/li>\n<li><strong><u>Portal com todos os conte\u00fados do treinamento \u2014 VITALICIO, ou seja, PARA SEMPRE.<\/u><\/strong><\/li>\n<li><strong><u>V\u00eddeos das aulas gravadas &#8211; Ao final de cada dia, disponibilizamos na plataforma.<\/u><\/strong><\/li>\n<li>Slides<\/li>\n<li>PDF\u2019s<\/li>\n<li>Scripts<\/li>\n<li>Links de apoio<\/li>\n<li>Arquivos utilizados nos laborat\u00f3rios<\/li>\n<li>Certificado de participa\u00e7\u00e3o do treinamento.\u00a0O certificado \u00e9 validado digitalmente para evitar fraudes e poss\u00edveis copias.<\/li>\n<li>Canal de comunica\u00e7\u00e3o com os instrutores e demais alunos.<\/li>\n<li>Dicas de certifica\u00e7\u00e3o<\/li>\n<\/ul>\n<h1><b>Conte\u00fados\u00a0<\/b><\/h1>\n<ul>\n<li>Fundamentos da precifica\u00e7\u00e3o estrat\u00e9gica em projetos de Big Data<\/li>\n<li>An\u00e1lise de custos e benef\u00edcios em ambientes Azure Big Data<\/li>\n<li>Estrat\u00e9gias de precifica\u00e7\u00e3o e monetiza\u00e7\u00e3o de dados<\/li>\n<li>Utiliza\u00e7\u00e3o de ferramentas e recursos do Azure para realizar a precifica\u00e7\u00e3o estrat\u00e9gica em projetos de Big Data<\/li>\n<li>Estudos de caso e exerc\u00edcios pr\u00e1ticos para aplica\u00e7\u00e3o dos conceitos aprendidos<\/li>\n<\/ul>\n","protected":false},"excerpt":{"rendered":"<ul>\n<li><span class=\"OYPEnA text-decoration-none text-strikethrough-none\">Carga Hor\u00e1ria: 06 horas<\/span><\/li>\n<li><span class=\"OYPEnA text-decoration-none text-strikethrough-none\">Modalidade: GRAVADO (Conte\u00fado da TURMA 01)<\/span><\/li>\n<li>Certificado: SIM<\/li>\n<li>Nota Fiscal: SIM<\/li>\n<li><span class=\"OYPEnA text-decoration-none text-strikethrough-none\">Observa\u00e7\u00f5es<\/span>: Algumas telas e features podem sofrer altera\u00e7\u00e3o conforme atualiza\u00e7\u00e3o da ferramenta. <strong><span class=\"OYPEnA text-decoration-none text-strikethrough-none\">ATUALIZA\u00c7\u00d5ES DA TECNOLOGIA N\u00c3O S\u00c3O CONTEMPLADAS NO CONTE\u00daDO GRAVADO.<\/span><\/strong><\/li>\n<\/ul>\n","protected":false},"featured_media":8349,"comment_status":"open","ping_status":"closed","template":"","meta":[],"product_brand":[],"product_cat":[127],"product_tag":[],"class_list":{"0":"post-4116","1":"product","2":"type-product","3":"status-publish","4":"has-post-thumbnail","6":"product_cat-arquitetura","8":"first","9":"instock","10":"sale","11":"virtual","12":"sold-individually","13":"purchasable","14":"product-type-simple"},"_links":{"self":[{"href":"https:\/\/lstreinamentos.luizsantanadb.com\/plataforma\/wp-json\/wp\/v2\/product\/4116","targetHints":{"allow":["GET"]}}],"collection":[{"href":"https:\/\/lstreinamentos.luizsantanadb.com\/plataforma\/wp-json\/wp\/v2\/product"}],"about":[{"href":"https:\/\/lstreinamentos.luizsantanadb.com\/plataforma\/wp-json\/wp\/v2\/types\/product"}],"replies":[{"embeddable":true,"href":"https:\/\/lstreinamentos.luizsantanadb.com\/plataforma\/wp-json\/wp\/v2\/comments?post=4116"}],"version-history":[{"count":4,"href":"https:\/\/lstreinamentos.luizsantanadb.com\/plataforma\/wp-json\/wp\/v2\/product\/4116\/revisions"}],"predecessor-version":[{"id":10587,"href":"https:\/\/lstreinamentos.luizsantanadb.com\/plataforma\/wp-json\/wp\/v2\/product\/4116\/revisions\/10587"}],"wp:featuredmedia":[{"embeddable":true,"href":"https:\/\/lstreinamentos.luizsantanadb.com\/plataforma\/wp-json\/wp\/v2\/media\/8349"}],"wp:attachment":[{"href":"https:\/\/lstreinamentos.luizsantanadb.com\/plataforma\/wp-json\/wp\/v2\/media?parent=4116"}],"wp:term":[{"taxonomy":"product_brand","embeddable":true,"href":"https:\/\/lstreinamentos.luizsantanadb.com\/plataforma\/wp-json\/wp\/v2\/product_brand?post=4116"},{"taxonomy":"product_cat","embeddable":true,"href":"https:\/\/lstreinamentos.luizsantanadb.com\/plataforma\/wp-json\/wp\/v2\/product_cat?post=4116"},{"taxonomy":"product_tag","embeddable":true,"href":"https:\/\/lstreinamentos.luizsantanadb.com\/plataforma\/wp-json\/wp\/v2\/product_tag?post=4116"}],"curies":[{"name":"wp","href":"https:\/\/api.w.org\/{rel}","templated":true}]}}