{"id":3586,"date":"2022-09-04T15:00:26","date_gmt":"2022-09-04T18:00:26","guid":{"rendered":"https:\/\/lstreinamentos.luizsantanadb.com\/?post_type=product&#038;p=3586"},"modified":"2026-04-10T04:51:17","modified_gmt":"2026-04-10T07:51:17","slug":"curso-analise-de-requisitos-turma-01","status":"publish","type":"product","link":"https:\/\/lstreinamentos.luizsantanadb.com\/plataforma\/loja\/curso-analise-de-requisitos-turma-01\/","title":{"rendered":"An\u00e1lise de Requisitos &#8211; Turma 01 (Gravado)"},"content":{"rendered":"<p style=\"font-weight: 400;\">Neste curso iremos abordar os conceitos e t\u00e9cnicas de an\u00e1lise de requisitos voltadas para a \u00e1rea de dados.<\/p>\n<p style=\"font-weight: 400;\"><strong>O que n\u00e3o vamos fazer no treinamento:<\/strong><\/p>\n<ul style=\"font-weight: 400;\">\n<li>N\u00e3o vamos resolver problemas de trabalho de nenhum participante.<\/li>\n<li>N\u00e3o vamos mostrar assuntos fora do conte\u00fado program\u00e1tico proposto no treinamento.<\/li>\n<li>N\u00e3o vamos realizar o provisionamento com os participantes.<\/li>\n<\/ul>\n<p style=\"font-weight: 400;\"><strong>O que eu vou ter de benef\u00edcios:<\/strong><\/p>\n<ul style=\"font-weight: 400;\">\n<li>Treinamento baseado em viv\u00eancias de projetos reais.<\/li>\n<li>Networking<\/li>\n<li>Instrutores com bastante experi\u00eancia no mercado e em projetos de Big Data com grandes clientes. Todos s\u00e3o certificados Microsoft e com\u00a0experi\u00eancia em projetos com clientes nacionais e internacionais.<\/li>\n<li><strong><u>Portal com todos os conte\u00fados do treinamento \u2014 VITALICIO, ou seja, PARA SEMPRE.<\/u><\/strong><\/li>\n<li><strong><u>V\u00eddeos das aulas gravadas &#8211; Ao final de cada dia, disponibilizamos a aula gravada na plataforma<\/u><\/strong><\/li>\n<li>Slides<\/li>\n<li>PDF\u2019s<\/li>\n<li>Scripts<\/li>\n<li>Links de apoio<\/li>\n<li>Arquivos utilizados nos laborat\u00f3rios<\/li>\n<li>Certificado de participa\u00e7\u00e3o do treinamento.\u00a0O certificado \u00e9 validado digitalmente para evitar fraudes e poss\u00edveis copias.<\/li>\n<li>Canal de comunica\u00e7\u00e3o com os instrutores e demais alunos.<\/li>\n<li>Dicas de certifica\u00e7\u00e3o<\/li>\n<\/ul>\n<h1><b>Conte\u00fados Program\u00e1tico<\/b><\/h1>\n<ol style=\"font-weight: 400;\">\n<li>An\u00e1lise de Requisitos\n<ul style=\"font-weight: 400;\">\n<li>1.1 Conceitos Gerais \u2013 O que \u00e9?<\/li>\n<li>1.2 Fun\u00e7\u00f5es<\/li>\n<li>1.3 Benef\u00edcios<\/li>\n<li>1.4 Como fazer a An\u00e1lise de Requisitos (5 etapas)<\/li>\n<\/ul>\n<\/li>\n<li>Ferramentas para an\u00e1lise\n<ul style=\"font-weight: 400;\">\n<li>2.1 Reuni\u00e3o de Requisitos (modelo de exemplo)<\/li>\n<li>2.2 Diagrama de Contexto \/ Mapas Mentais (caso pr\u00e1tico)<\/li>\n<li>2.3 Diagrama de Caso de Uso (caso pr\u00e1tico)<\/li>\n<li>2.4 Diagrama Sequenciais (caso pr\u00e1tico)<\/li>\n<\/ul>\n<\/li>\n<li>Ferramentas de Gest\u00e3o de Projetos\n<ul style=\"font-weight: 400;\">\n<li>3.1 Canvas<\/li>\n<li>3.2 An\u00e1lise SWOT<\/li>\n<\/ul>\n<\/li>\n<li>Valida\u00e7\u00e3o de Requisitos\n<ul style=\"font-weight: 400;\">\n<li>4.1 Pseudoc\u00f3digo<\/li>\n<li>4.2 Teste de Mesa (exerc\u00edcios pr\u00e1ticos)<\/li>\n<\/ul>\n<\/li>\n<\/ol>\n","protected":false},"excerpt":{"rendered":"<ul>\n<li><span class=\"OYPEnA text-decoration-none text-strikethrough-none\">Carga Hor\u00e1ria: 16 horas<\/span><\/li>\n<li><span class=\"OYPEnA text-decoration-none text-strikethrough-none\">Modalidade: GRAVADO (Conte\u00fado da TURMA 01)<\/span><\/li>\n<li>Certificado: SIM<\/li>\n<li>Nota Fiscal: SIM<\/li>\n<li><span class=\"OYPEnA text-decoration-none text-strikethrough-none\">Observa\u00e7\u00f5es<\/span>: Algumas telas e features podem sofrer altera\u00e7\u00e3o conforme atualiza\u00e7\u00e3o da ferramenta. <strong><span class=\"OYPEnA text-decoration-none text-strikethrough-none\">ATUALIZA\u00c7\u00d5ES DA TECNOLOGIA N\u00c3O S\u00c3O CONTEMPLADAS NO CONTE\u00daDO GRAVADO.<\/span><\/strong><\/li>\n<\/ul>\n","protected":false},"featured_media":8351,"comment_status":"open","ping_status":"closed","template":"","meta":[],"product_brand":[],"product_cat":[155],"product_tag":[],"class_list":{"0":"post-3586","1":"product","2":"type-product","3":"status-publish","4":"has-post-thumbnail","6":"product_cat-requisitos","8":"first","9":"instock","10":"sale","11":"virtual","12":"sold-individually","13":"purchasable","14":"product-type-simple"},"_links":{"self":[{"href":"https:\/\/lstreinamentos.luizsantanadb.com\/plataforma\/wp-json\/wp\/v2\/product\/3586","targetHints":{"allow":["GET"]}}],"collection":[{"href":"https:\/\/lstreinamentos.luizsantanadb.com\/plataforma\/wp-json\/wp\/v2\/product"}],"about":[{"href":"https:\/\/lstreinamentos.luizsantanadb.com\/plataforma\/wp-json\/wp\/v2\/types\/product"}],"replies":[{"embeddable":true,"href":"https:\/\/lstreinamentos.luizsantanadb.com\/plataforma\/wp-json\/wp\/v2\/comments?post=3586"}],"version-history":[{"count":4,"href":"https:\/\/lstreinamentos.luizsantanadb.com\/plataforma\/wp-json\/wp\/v2\/product\/3586\/revisions"}],"predecessor-version":[{"id":10591,"href":"https:\/\/lstreinamentos.luizsantanadb.com\/plataforma\/wp-json\/wp\/v2\/product\/3586\/revisions\/10591"}],"wp:featuredmedia":[{"embeddable":true,"href":"https:\/\/lstreinamentos.luizsantanadb.com\/plataforma\/wp-json\/wp\/v2\/media\/8351"}],"wp:attachment":[{"href":"https:\/\/lstreinamentos.luizsantanadb.com\/plataforma\/wp-json\/wp\/v2\/media?parent=3586"}],"wp:term":[{"taxonomy":"product_brand","embeddable":true,"href":"https:\/\/lstreinamentos.luizsantanadb.com\/plataforma\/wp-json\/wp\/v2\/product_brand?post=3586"},{"taxonomy":"product_cat","embeddable":true,"href":"https:\/\/lstreinamentos.luizsantanadb.com\/plataforma\/wp-json\/wp\/v2\/product_cat?post=3586"},{"taxonomy":"product_tag","embeddable":true,"href":"https:\/\/lstreinamentos.luizsantanadb.com\/plataforma\/wp-json\/wp\/v2\/product_tag?post=3586"}],"curies":[{"name":"wp","href":"https:\/\/api.w.org\/{rel}","templated":true}]}}